{"id":114,"date":"2019-11-06T10:34:44","date_gmt":"2019-11-06T09:34:44","guid":{"rendered":"https:\/\/www.empacksthlm.se\/?page_id=114"},"modified":"2026-02-19T13:17:53","modified_gmt":"2026-02-19T12:17:53","slug":"om-oss","status":"publish","type":"page","link":"https:\/\/www.empacksthlm.se\/sv\/om-oss\/","title":{"rendered":"Om oss"},"content":{"rendered":"\t\t<div data-elementor-type=\"wp-post\" data-elementor-id=\"114\" class=\"elementor elementor-114\" data-elementor-post-type=\"page\">\n\t\t\t\t\t\t<section class=\"elementor-section elementor-top-section elementor-element elementor-element-7263fda1 elementor-section-boxed elementor-section-height-default elementor-section-height-default\" data-id=\"7263fda1\" data-element_type=\"section\">\n\t\t\t\t\t\t<div class=\"elementor-container elementor-column-gap-default\">\n\t\t\t\t\t<div class=\"elementor-column elementor-col-100 elementor-top-column elementor-element elementor-element-72bd892d\" data-id=\"72bd892d\" data-element_type=\"column\">\n\t\t\t<div class=\"elementor-widget-wrap elementor-element-populated\">\n\t\t\t\t\t\t<div class=\"elementor-element elementor-element-ffeb20b elementor-widget elementor-widget-heading\" data-id=\"ffeb20b\" data-element_type=\"widget\" data-widget_type=\"heading.default\">\n\t\t\t\t<div class=\"elementor-widget-container\">\n\t\t\t\t\t<h2 class=\"elementor-heading-title elementor-size-default\">\u00d6ver 20 \u00e5r i branschen<\/h2>\t\t\t\t<\/div>\n\t\t\t\t<\/div>\n\t\t\t\t<div class=\"elementor-element elementor-element-d4aa533 elementor-widget elementor-widget-heading\" data-id=\"d4aa533\" data-element_type=\"widget\" data-widget_type=\"heading.default\">\n\t\t\t\t<div class=\"elementor-widget-container\">\n\t\t\t\t\t<h1 class=\"elementor-heading-title elementor-size-default\">Historien bakom Empack<\/h1>\t\t\t\t<\/div>\n\t\t\t\t<\/div>\n\t\t\t\t<div class=\"elementor-element elementor-element-6126704 elementor-widget elementor-widget-text-editor\" data-id=\"6126704\" data-element_type=\"widget\" data-widget_type=\"text-editor.default\">\n\t\t\t\t<div class=\"elementor-widget-container\">\n\t\t\t\t\t\t\t\t\t<div class=\"_2cuy _3dgx _2vxa\">Sedan 2004 har Empack tagit sig an Sverige f\u00f6r att bli den sj\u00e4lvklara m\u00f6tesplatsen f\u00f6r alla f\u00f6rpackningsentusiaster. Vi \u00e4lskar att n\u00e4tverka och vi vet vikten av att utbyta dyrbara erfarenheter och att l\u00e4ra k\u00e4nna r\u00e4tt kontakter. Just d\u00e4rf\u00f6r har vi en solklar ambition om att vara ditt f\u00f6rsta val n\u00e4r du vill tr\u00e4ffa branschen, se de senaste nyheterna, trender och imponerande produktnyheter.\u00a0<\/div><div>\u00a0<\/div><div>Empack arrangeras i huvudkontorst\u00e4ta Stockholm p\u00e5 Kistam\u00e4ssan. Konceptet \u00e4r enkelt; under tv\u00e5 dagar samlar vi allt ifr\u00e5n nyckelleverant\u00f6rer till heta uppstickare f\u00f6r att djupdyka i avg\u00f6rande \u00e4mnen och utmaningar. Vi bjuder in experter, influensers, trendanalytiker och internationella proffs f\u00f6r att s\u00e4kerst\u00e4lla att vi blir ett forum som effektivt tar oss vidare i v\u00e5ra utmaningar och ett kliv n\u00e4rmare framtiden inom f\u00f6rpackning.\u00a0<\/div>\t\t\t\t\t\t\t\t<\/div>\n\t\t\t\t<\/div>\n\t\t\t\t\t<\/div>\n\t\t<\/div>\n\t\t\t\t\t<\/div>\n\t\t<\/section>\n\t\t\t\t<section class=\"elementor-section elementor-top-section elementor-element elementor-element-7ff0e9ea elementor-section-boxed elementor-section-height-default elementor-section-height-default\" data-id=\"7ff0e9ea\" data-element_type=\"section\" data-settings=\"{&quot;background_background&quot;:&quot;classic&quot;,&quot;shape_divider_top&quot;:&quot;waves&quot;}\">\n\t\t\t\t\t<div class=\"elementor-shape elementor-shape-top\" aria-hidden=\"true\" data-negative=\"false\">\n\t\t\t<svg xmlns=\"http:\/\/www.w3.org\/2000\/svg\" viewBox=\"0 0 1000 100\" preserveAspectRatio=\"none\">\n\t<path class=\"elementor-shape-fill\" d=\"M421.9,6.5c22.6-2.5,51.5,0.4,75.5,5.3c23.6,4.9,70.9,23.5,100.5,35.7c75.8,32.2,133.7,44.5,192.6,49.7\n\tc23.6,2.1,48.7,3.5,103.4-2.5c54.7-6,106.2-25.6,106.2-25.6V0H0v30.3c0,0,72,32.6,158.4,30.5c39.2-0.7,92.8-6.7,134-22.4\n\tc21.2-8.1,52.2-18.2,79.7-24.2C399.3,7.9,411.6,7.5,421.9,6.5z\"\/>\n<\/svg>\t\t<\/div>\n\t\t\t\t\t<div class=\"elementor-container elementor-column-gap-default\">\n\t\t\t\t\t<div class=\"elementor-column elementor-col-50 elementor-top-column elementor-element elementor-element-50394b13\" data-id=\"50394b13\" data-element_type=\"column\">\n\t\t\t<div class=\"elementor-widget-wrap elementor-element-populated\">\n\t\t\t\t\t\t<div class=\"elementor-element elementor-element-c99ad0 elementor-widget elementor-widget-heading\" data-id=\"c99ad0\" data-element_type=\"widget\" data-widget_type=\"heading.default\">\n\t\t\t\t<div class=\"elementor-widget-container\">\n\t\t\t\t\t<h3 class=\"elementor-heading-title elementor-size-large\">V\u00e4rldens st\u00f6rsta n\u00e4tverk \nav f\u00f6rpackningsm\u00e4ssor<\/h3>\t\t\t\t<\/div>\n\t\t\t\t<\/div>\n\t\t\t\t<div class=\"elementor-element elementor-element-8d4cc4b elementor-widget elementor-widget-text-editor\" data-id=\"8d4cc4b\" data-element_type=\"widget\" data-widget_type=\"text-editor.default\">\n\t\t\t\t<div class=\"elementor-widget-container\">\n\t\t\t\t\t\t\t\t\t<p>Empack \u00e4r en global m\u00f6tesplats som arrangeras p\u00e5 flera st\u00e4llen runt om i hela v\u00e4rlden. Vi utvecklar konceptet kontinuerligt f\u00f6r att alltid vara relevanta och f\u00f6lja branschens utveckling. Tack vare v\u00e5r globala pack-familj kan vi s\u00e4kerst\u00e4lla att vi \u00e4r p\u00e5 r\u00e4tt sp\u00e5r och dra viktiga influenser fr\u00e5n den internationella marknaden. \u00c4r du nyfiken p\u00e5 att sl\u00e5 igenom internationellt eller intresserad av att skanna utbudet utanf\u00f6r Sveriges gr\u00e4nser? Bes\u00f6k v\u00e5r gemensamma hemsida f\u00f6r att se n\u00e4rmare p\u00e5 v\u00e5r globala satsning. \u00a0<\/p>\t\t\t\t\t\t\t\t<\/div>\n\t\t\t\t<\/div>\n\t\t\t\t<div class=\"elementor-element elementor-element-1b74ecd4 elementor-align-left elementor-widget elementor-widget-button\" data-id=\"1b74ecd4\" data-element_type=\"widget\" data-widget_type=\"button.default\">\n\t\t\t\t<div class=\"elementor-widget-container\">\n\t\t\t\t\t\t\t\t\t<div class=\"elementor-button-wrapper\">\n\t\t\t\t\t<a class=\"elementor-button elementor-button-link elementor-size-sm elementor-animation-grow\" href=\"https:\/\/www.easyfairs.com\/events\/?tax_industry=66&#038;page=1\">\n\t\t\t\t\t\t<span class=\"elementor-button-content-wrapper\">\n\t\t\t\t\t\t\t\t\t<span class=\"elementor-button-text\">global packaging series<\/span>\n\t\t\t\t\t<\/span>\n\t\t\t\t\t<\/a>\n\t\t\t\t<\/div>\n\t\t\t\t\t\t\t\t<\/div>\n\t\t\t\t<\/div>\n\t\t\t\t\t<\/div>\n\t\t<\/div>\n\t\t\t\t<div class=\"elementor-column elementor-col-50 elementor-top-column elementor-element elementor-element-8a22edf\" data-id=\"8a22edf\" data-element_type=\"column\">\n\t\t\t<div class=\"elementor-widget-wrap elementor-element-populated\">\n\t\t\t\t\t\t<div class=\"elementor-element elementor-element-74ae65e elementor-widget__width-initial elementor-widget elementor-widget-image\" data-id=\"74ae65e\" data-element_type=\"widget\" data-widget_type=\"image.default\">\n\t\t\t\t<div class=\"elementor-widget-container\">\n\t\t\t\t\t\t\t\t\t\t\t\t\t\t\t\t<a href=\"https:\/\/www.easyfairs.com\/global-packaging-series\/global-packaging-series\/\" target=\"_blank\">\n\t\t\t\t\t\t\t<img fetchpriority=\"high\" decoding=\"async\" width=\"768\" height=\"768\" src=\"https:\/\/easyfairsassets.com\/sites\/125\/2024\/11\/empack_map-europe-2024-2025-768x768.jpg\" class=\"elementor-animation-grow attachment-medium_large size-medium_large wp-image-15305\" alt=\"\" srcset=\"https:\/\/easyfairsassets.com\/sites\/125\/2024\/11\/empack_map-europe-2024-2025-768x768.jpg 768w, https:\/\/easyfairsassets.com\/sites\/125\/2024\/11\/empack_map-europe-2024-2025-300x300.jpg 300w, https:\/\/easyfairsassets.com\/sites\/125\/2024\/11\/empack_map-europe-2024-2025-1024x1024.jpg 1024w, https:\/\/easyfairsassets.com\/sites\/125\/2024\/11\/empack_map-europe-2024-2025-150x150.jpg 150w, https:\/\/easyfairsassets.com\/sites\/125\/2024\/11\/empack_map-europe-2024-2025.jpg 1080w\" sizes=\"(max-width: 768px) 100vw, 768px\" \/>\t\t\t\t\t\t\t\t<\/a>\n\t\t\t\t\t\t\t\t\t\t\t\t\t\t\t<\/div>\n\t\t\t\t<\/div>\n\t\t\t\t\t<\/div>\n\t\t<\/div>\n\t\t\t\t\t<\/div>\n\t\t<\/section>\n\t\t\t\t<\/div>\n\t\t","protected":false},"excerpt":{"rendered":"<p>\u00d6ver 20 \u00e5r i branschen Historien bakom Empack Sedan 2004 har Empack tagit sig an Sverige f\u00f6r att bli den sj\u00e4lvklara m\u00f6tesplatsen f\u00f6r alla f\u00f6rpackningsentusiaster. Vi \u00e4lskar att n\u00e4tverka och vi vet vikten av att utbyta dyrbara erfarenheter och att l\u00e4ra k\u00e4nna r\u00e4tt kontakter. Just d\u00e4rf\u00f6r har vi en solklar ambition om att vara ditt [&hellip;]<\/p>\n","protected":false},"author":16,"featured_media":0,"parent":0,"menu_order":0,"comment_status":"closed","ping_status":"closed","template":"","meta":{"_seopress_robots_primary_cat":"","_seopress_titles_title":"Om oss  | Empack Stockholm","_seopress_titles_desc":"Empack Stockholm \u00e4r en del av den europeiska m\u00f6tesplatsen f\u00f6r f\u00f6rpackningar, emballage &amp; packaging innovation. Vi skapar m\u00f6jligheter till aff\u00e4rer \u00f6ver branschgr\u00e4nserna.","_seopress_robots_index":"","footnotes":""},"class_list":["post-114","page","type-page","status-publish","hentry"],"_links":{"self":[{"href":"https:\/\/www.empacksthlm.se\/sv\/wp-json\/wp\/v2\/pages\/114","targetHints":{"allow":["GET"]}}],"collection":[{"href":"https:\/\/www.empacksthlm.se\/sv\/wp-json\/wp\/v2\/pages"}],"about":[{"href":"https:\/\/www.empacksthlm.se\/sv\/wp-json\/wp\/v2\/types\/page"}],"author":[{"embeddable":true,"href":"https:\/\/www.empacksthlm.se\/sv\/wp-json\/wp\/v2\/users\/16"}],"replies":[{"embeddable":true,"href":"https:\/\/www.empacksthlm.se\/sv\/wp-json\/wp\/v2\/comments?post=114"}],"version-history":[{"count":5,"href":"https:\/\/www.empacksthlm.se\/sv\/wp-json\/wp\/v2\/pages\/114\/revisions"}],"predecessor-version":[{"id":27726,"href":"https:\/\/www.empacksthlm.se\/sv\/wp-json\/wp\/v2\/pages\/114\/revisions\/27726"}],"wp:attachment":[{"href":"https:\/\/www.empacksthlm.se\/sv\/wp-json\/wp\/v2\/media?parent=114"}],"curies":[{"name":"wp","href":"https:\/\/api.w.org\/{rel}","templated":true}]}}